{"id":1489,"date":"2019-10-16T16:14:24","date_gmt":"2019-10-16T16:14:24","guid":{"rendered":"https:\/\/unprojetpourbrive.fr\/index.php\/contact\/"},"modified":"2025-09-26T18:07:39","modified_gmt":"2025-09-26T16:07:39","slug":"contact","status":"publish","type":"page","link":"https:\/\/unprojetpourbrive.fr\/index.php\/contact\/","title":{"rendered":"Contact"},"content":{"rendered":"<div class=\"wpb-content-wrapper\"><p>[vc_row css=\u00a0\u00bb.vc_custom_1575380785088{padding-top: 60px !important;padding-bottom: 80px !important;}\u00a0\u00bb][vc_column width=\u00a0\u00bb5\/6&Prime; offset=\u00a0\u00bbvc_col-lg-offset-2 vc_col-lg-8 vc_col-md-offset-2 vc_col-md-8 vc_col-sm-offset-1 vc_col-xs-offset-1 vc_col-xs-10&Prime;][vc_row_inner][vc_column_inner width=\u00a0\u00bb1\/2&Prime; css=\u00a0\u00bb.vc_custom_1758563459905{margin-bottom: 45px !important;border-right-width: 3px !important;padding-top: 30px !important;padding-bottom: 30px !important;border-right-style: solid !important;border-radius: 1px !important;border-color: #022E5A !important;}\u00a0\u00bb offset=\u00a0\u00bbvc_col-lg-offset-0 vc_col-md-offset-0 vc_col-sm-offset-0 vc_col-xs-6&Prime;][\/vc_column_inner][\/vc_row_inner]<div id=\"ultimate-heading-385369d0367bb23a0\" class=\"uvc-heading ult-adjust-bottom-margin ultimate-heading-385369d0367bb23a0 uvc-5951 \" data-hspacer=\"no_spacer\"  data-halign=\"center\" style=\"text-align:center\"><div class=\"uvc-heading-spacer no_spacer\" style=\"top\"><\/div><div class=\"uvc-main-heading ult-responsive\"  data-ultimate-target='.uvc-heading.ultimate-heading-385369d0367bb23a0 h2'  data-responsive-json-new='{\"font-size\":\"desktop:50px;\",\"line-height\":\"desktop:60px;\"}' ><h2 style=\"font-weight:bold;margin-bottom:10px;\">Vous voulez nous rejoindre, nous faire une proposition ?<\/h2><\/div><div class=\"uvc-sub-heading ult-responsive\"  data-ultimate-target='.uvc-heading.ultimate-heading-385369d0367bb23a0 .uvc-sub-heading '  data-responsive-json-new='{\"font-size\":\"\",\"line-height\":\"\"}'  style=\"font-weight:normal;margin-bottom:60px;\">\u00c9crivez-nous directement ici<\/div><\/div><style id=\"wpforms-css-vars-7474\">\n\t\t\t\t#wpforms-7474 {\n\t\t\t\t--wpforms-container-padding: 0px;\n--wpforms-container-border-width: 1px;\n--wpforms-container-border-radius: 3px;\n--wpforms-background-color: rgba(0, 0, 0, 0);\n--wpforms-field-size-input-height: 43px;\n--wpforms-field-size-input-spacing: 15px;\n--wpforms-field-size-font-size: 16px;\n--wpforms-field-size-line-height: 19px;\n--wpforms-field-size-padding-h: 14px;\n--wpforms-field-size-checkbox-size: 16px;\n--wpforms-field-size-sublabel-spacing: 5px;\n--wpforms-field-size-icon-size: 1;\n--wpforms-label-size-font-size: 16px;\n--wpforms-label-size-line-height: 19px;\n--wpforms-label-size-sublabel-font-size: 14px;\n--wpforms-label-size-sublabel-line-height: 17px;\n--wpforms-button-size-font-size: 17px;\n--wpforms-button-size-height: 41px;\n--wpforms-button-size-padding-h: 15px;\n--wpforms-button-size-margin-top: 10px;\n--wpforms-container-shadow-size-box-shadow: none;\n\n\t\t\t}\n\t\t\t<\/style><div class=\"wpforms-container wpforms-container-full wpforms-render-modern\" id=\"wpforms-7474\"><form id=\"wpforms-form-7474\" class=\"wpforms-validate wpforms-form wpforms-ajax-form\" data-formid=\"7474\" method=\"post\" enctype=\"multipart\/form-data\" action=\"\/index.php\/wp-json\/wp\/v2\/pages\/1489\" data-token=\"31e372c00a897e77b1b320857d0e0c2b\" data-token-time=\"1775253115\"><noscript class=\"wpforms-error-noscript\">Veuillez activer JavaScript dans votre navigateur pour remplir ce formulaire.<\/noscript><div id=\"wpforms-error-noscript\" style=\"display: none;\">Veuillez activer JavaScript dans votre navigateur pour remplir ce formulaire.<\/div><div class=\"wpforms-field-container\"><div id=\"wpforms-7474-field_1-container\" class=\"wpforms-field wpforms-field-name\" data-field-id=\"1\"><label class=\"wpforms-field-label\" for=\"wpforms-7474-field_1\">Pr\u00e9nom et Nom <span class=\"wpforms-required-label\" aria-hidden=\"true\">*<\/span><\/label><input type=\"text\" id=\"wpforms-7474-field_1\" class=\"wpforms-field-medium wpforms-field-required\" name=\"wpforms[fields][1]\" aria-errormessage=\"wpforms-7474-field_1-error\" required><\/div><div id=\"wpforms-7474-field_2-container\" class=\"wpforms-field wpforms-field-email\" data-field-id=\"2\"><label class=\"wpforms-field-label\" for=\"wpforms-7474-field_2\">E-mail <span class=\"wpforms-required-label\" aria-hidden=\"true\">*<\/span><\/label><input type=\"email\" id=\"wpforms-7474-field_2\" class=\"wpforms-field-medium wpforms-field-required\" name=\"wpforms[fields][2]\" spellcheck=\"false\" aria-errormessage=\"wpforms-7474-field_2-error\" required><\/div>\t\t<div id=\"wpforms-7474-field_4-container\"\n\t\t\tclass=\"wpforms-field wpforms-field-text\"\n\t\t\tdata-field-type=\"text\"\n\t\t\tdata-field-id=\"4\"\n\t\t\t>\n\t\t\t<label class=\"wpforms-field-label\" for=\"wpforms-7474-field_4\" >et ou Pr\u00e9nom<\/label>\n\t\t\t<input type=\"text\" id=\"wpforms-7474-field_4\" class=\"wpforms-field-medium\" name=\"wpforms[fields][4]\" >\n\t\t<\/div>\n\t\t<div id=\"wpforms-7474-field_3-container\" class=\"wpforms-field wpforms-field-textarea\" data-field-id=\"3\"><label class=\"wpforms-field-label\" for=\"wpforms-7474-field_3\">Commentaire ou message<\/label><textarea id=\"wpforms-7474-field_3\" class=\"wpforms-field-medium\" name=\"wpforms[fields][3]\" aria-errormessage=\"wpforms-7474-field_3-error\" ><\/textarea><\/div><script>\n\t\t\t\t( function() {\n\t\t\t\t\tconst style = document.createElement( 'style' );\n\t\t\t\t\tstyle.appendChild( document.createTextNode( '#wpforms-7474-field_4-container { position: absolute !important; overflow: hidden !important; display: inline !important; height: 1px !important; width: 1px !important; z-index: -1000 !important; padding: 0 !important; } #wpforms-7474-field_4-container input { visibility: hidden; } #wpforms-conversational-form-page #wpforms-7474-field_4-container label { counter-increment: none; }' ) );\n\t\t\t\t\tdocument.head.appendChild( style );\n\t\t\t\t\tdocument.currentScript?.remove();\n\t\t\t\t} )();\n\t\t\t<\/script><\/div><!-- .wpforms-field-container --><div class=\"wpforms-submit-container\" ><input type=\"hidden\" name=\"wpforms[id]\" value=\"7474\"><input type=\"hidden\" name=\"page_title\" value=\"\"><input type=\"hidden\" name=\"page_url\" value=\"https:\/\/unprojetpourbrive.fr\/index.php\/wp-json\/wp\/v2\/pages\/1489\"><input type=\"hidden\" name=\"url_referer\" value=\"\"><button type=\"submit\" name=\"wpforms[submit]\" id=\"wpforms-submit-7474\" class=\"wpforms-submit\" data-alt-text=\"Envoi...\" data-submit-text=\"Envoyer\" aria-live=\"assertive\" value=\"wpforms-submit\">Envoyer<\/button><img loading=\"lazy\" decoding=\"async\" src=\"https:\/\/unprojetpourbrive.fr\/wp-content\/plugins\/wpforms-lite\/assets\/images\/submit-spin.svg\" class=\"wpforms-submit-spinner\" style=\"display: none;\" width=\"26\" height=\"26\" alt=\"Chargement en cours\"><\/div><\/form><\/div>  <!-- .wpforms-container -->[\/vc_column][\/vc_row][vc_row full_width=\u00a0\u00bbstretch_row\u00a0\u00bb css=\u00a0\u00bb.vc_custom_1575380952134{padding-top: 60px !important;padding-bottom: 90px !important;background-color: rgba(0,0,0,0.04) !important;*background-color: rgb(0,0,0) !important;}\u00a0\u00bb][vc_column width=\u00a0\u00bb5\/6&Prime; offset=\u00a0\u00bbvc_col-lg-offset-2 vc_col-lg-8 vc_col-md-offset-2 vc_col-md-8 vc_col-sm-offset-1 vc_col-xs-offset-1 vc_col-xs-10&Prime;][vc_row_inner][vc_column_inner width=\u00a0\u00bb1\/2&Prime; css=\u00a0\u00bb.vc_custom_1575380832525{margin-bottom: 45px !important;border-right-width: 3px !important;padding-top: 30px !important;padding-bottom: 30px !important;border-right-color: #148ba9 !important;border-right-style: solid !important;}\u00a0\u00bb offset=\u00a0\u00bbvc_col-lg-offset-0 vc_col-md-offset-0 vc_col-sm-offset-0 vc_col-xs-6&Prime;][\/vc_column_inner][\/vc_row_inner]<div id=\"ultimate-heading-767069d0367bb3fba\" class=\"uvc-heading ult-adjust-bottom-margin ultimate-heading-767069d0367bb3fba uvc-4671 \" data-hspacer=\"no_spacer\"  data-halign=\"center\" style=\"text-align:center\"><div class=\"uvc-heading-spacer no_spacer\" style=\"top\"><\/div><div class=\"uvc-main-heading ult-responsive\"  data-ultimate-target='.uvc-heading.ultimate-heading-767069d0367bb3fba h2'  data-responsive-json-new='{\"font-size\":\"desktop:50px;\",\"line-height\":\"desktop:60px;\"}' ><h2 style=\"font-weight:bold;margin-bottom:10px;\">Suivez Fr\u00e9d\u00e9ric Soulier sur les r\u00e9seaux sociaux<\/h2><\/div><\/div><style type=\"text\/css\" data-type=\"the7_shortcodes-inline-css\">.dt-shortcode-soc-icons.soc-icons-74c410b06c4f55dbdf014c8618579962 a {\n  margin-right: 10px;\n}\n.dt-shortcode-soc-icons a.soc-icons-74c410b06c4f55dbdf014c8618579962 {\n  margin-right: 10px;\n}\n.dt-shortcode-soc-icons a.soc-icons-74c410b06c4f55dbdf014c8618579962:last-child {\n  margin-right: 0;\n}\n.dt-shortcode-soc-icons a.soc-icons-74c410b06c4f55dbdf014c8618579962:before,\n.dt-shortcode-soc-icons a.soc-icons-74c410b06c4f55dbdf014c8618579962:after {\n  padding: inherit;\n}\n.dt-shortcode-soc-icons a.soc-icons-74c410b06c4f55dbdf014c8618579962.dt-icon-border-on:before {\n  border:  solid ;\n}\n.dt-shortcode-soc-icons a.soc-icons-74c410b06c4f55dbdf014c8618579962.dt-icon-hover-border-on:after {\n  border:  solid ;\n}\n<\/style><div class=\"dt-shortcode-soc-icons  soc-icons-74c410b06c4f55dbdf014c8618579962 soc-icons-center \" ><style type=\"text\/css\" data-type=\"the7_shortcodes-inline-css\">.dt-shortcode-soc-icons a.single-soc-icon-b3dce544a66100a5b441d4dd5c449a8d {\n  min-width: 60px;\n  min-height: 60px;\n  font-size: 24px;\n  border-radius: 100px;\n}\n.dt-shortcode-soc-icons a.single-soc-icon-b3dce544a66100a5b441d4dd5c449a8d:last-child {\n  margin-right: 0;\n}\n.dt-shortcode-soc-icons a.single-soc-icon-b3dce544a66100a5b441d4dd5c449a8d:before,\n.dt-shortcode-soc-icons a.single-soc-icon-b3dce544a66100a5b441d4dd5c449a8d:after {\n  min-width: 60px;\n  min-height: 60px;\n  padding: inherit;\n}\n.dt-shortcode-soc-icons a.single-soc-icon-b3dce544a66100a5b441d4dd5c449a8d.dt-icon-border-on:before {\n  border: 3px solid ;\n}\n.dt-shortcode-soc-icons a.single-soc-icon-b3dce544a66100a5b441d4dd5c449a8d.dt-icon-hover-border-on:after {\n  border: 3px solid ;\n}\n.dt-shortcode-soc-icons a.single-soc-icon-b3dce544a66100a5b441d4dd5c449a8d:hover {\n  font-size: 24px;\n}\n#page .dt-shortcode-soc-icons a.single-soc-icon-b3dce544a66100a5b441d4dd5c449a8d:hover .soc-font-icon,\n#phantom .dt-shortcode-soc-icons a.single-soc-icon-b3dce544a66100a5b441d4dd5c449a8d:hover .soc-font-icon,\n#page .dt-shortcode-soc-icons a.single-soc-icon-b3dce544a66100a5b441d4dd5c449a8d:hover .soc-icon,\n#phantom .dt-shortcode-soc-icons a.single-soc-icon-b3dce544a66100a5b441d4dd5c449a8d:hover .soc-icon {\n  color: #ffffff;\n  background: none;\n}\n.dt-shortcode-soc-icons a.single-soc-icon-b3dce544a66100a5b441d4dd5c449a8d .soc-font-icon,\n.dt-shortcode-soc-icons a.single-soc-icon-b3dce544a66100a5b441d4dd5c449a8d .soc-icon {\n  font-size: 24px;\n}\n<\/style><a title=\"Facebook\" href=\"https:\/\/www.facebook.com\/search\/top?q=fr%C3%A9d%C3%A9ric%20soulier&amp;locale=fr_FR\" target=\"_blank\" class=\"facebook single-soc-icon-b3dce544a66100a5b441d4dd5c449a8d dt-icon-bg-off dt-icon-border-on dt-icon-hover-border-on dt-icon-hover-bg-on\"><i class=\"soc-icon soc-font-icon dt-icon-facebook\"><\/i><span class=\"screen-reader-text\">Facebook<\/span><\/a><style type=\"text\/css\" data-type=\"the7_shortcodes-inline-css\">.dt-shortcode-soc-icons a.single-soc-icon-e0a6f642b02dcd1ecb0a1ab562970db4 {\n  min-width: 60px;\n  min-height: 60px;\n  font-size: 24px;\n  border-radius: 100px;\n}\n.dt-shortcode-soc-icons a.single-soc-icon-e0a6f642b02dcd1ecb0a1ab562970db4:last-child {\n  margin-right: 0;\n}\n.dt-shortcode-soc-icons a.single-soc-icon-e0a6f642b02dcd1ecb0a1ab562970db4:before,\n.dt-shortcode-soc-icons a.single-soc-icon-e0a6f642b02dcd1ecb0a1ab562970db4:after {\n  min-width: 60px;\n  min-height: 60px;\n  padding: inherit;\n}\n.dt-shortcode-soc-icons a.single-soc-icon-e0a6f642b02dcd1ecb0a1ab562970db4.dt-icon-border-on:before {\n  border: 3px solid ;\n}\n.dt-shortcode-soc-icons a.single-soc-icon-e0a6f642b02dcd1ecb0a1ab562970db4.dt-icon-hover-border-on:after {\n  border: 3px solid ;\n}\n.dt-shortcode-soc-icons a.single-soc-icon-e0a6f642b02dcd1ecb0a1ab562970db4:hover {\n  font-size: 24px;\n}\n#page .dt-shortcode-soc-icons a.single-soc-icon-e0a6f642b02dcd1ecb0a1ab562970db4:hover .soc-font-icon,\n#phantom .dt-shortcode-soc-icons a.single-soc-icon-e0a6f642b02dcd1ecb0a1ab562970db4:hover .soc-font-icon,\n#page .dt-shortcode-soc-icons a.single-soc-icon-e0a6f642b02dcd1ecb0a1ab562970db4:hover .soc-icon,\n#phantom .dt-shortcode-soc-icons a.single-soc-icon-e0a6f642b02dcd1ecb0a1ab562970db4:hover .soc-icon {\n  color: #ffffff;\n  background: none;\n}\n.dt-shortcode-soc-icons a.single-soc-icon-e0a6f642b02dcd1ecb0a1ab562970db4 .soc-font-icon,\n.dt-shortcode-soc-icons a.single-soc-icon-e0a6f642b02dcd1ecb0a1ab562970db4 .soc-icon {\n  font-size: 24px;\n}\n<\/style><a title=\"Instagram\" href=\"https:\/\/www.instagram.com\/fredericsoulier2026\/\" target=\"_blank\" class=\"instagram single-soc-icon-e0a6f642b02dcd1ecb0a1ab562970db4 dt-icon-bg-off dt-icon-border-on dt-icon-hover-border-on dt-icon-hover-bg-on\"><i class=\"soc-icon soc-font-icon dt-icon-instagram\"><\/i><span class=\"screen-reader-text\">Instagram<\/span><\/a><\/div>[\/vc_column][\/vc_row]<\/p>\n<\/div>","protected":false},"excerpt":{"rendered":"<p>[vc_row css=\u00a0\u00bb.vc_custom_1575380785088{padding-top: 60px !important;padding-bottom: 80px !important;}\u00a0\u00bb][vc_column width=\u00a0\u00bb5\/6&Prime; offset=\u00a0\u00bbvc_col-lg-offset-2 vc_col-lg-8 vc_col-md-offset-2 vc_col-md-8 vc_col-sm-offset-1 vc_col-xs-offset-1 vc_col-xs-10&Prime;][vc_row_inner][vc_column_inner width=\u00a0\u00bb1\/2&Prime; css=\u00a0\u00bb.vc_custom_1758563459905{margin-bottom: 45px !important;border-right-width: 3px !important;padding-top: 30px !important;padding-bottom: 30px !important;border-right-style: solid !important;border-radius: 1px !important;border-color: #022E5A !important;}\u00a0\u00bb&hellip;<\/p>\n","protected":false},"author":1,"featured_media":7478,"parent":0,"menu_order":35,"comment_status":"closed","ping_status":"closed","template":"","meta":{"iawp_total_views":292,"footnotes":""},"class_list":["post-1489","page","type-page","status-publish","has-post-thumbnail","hentry","description-off"],"_links":{"self":[{"href":"https:\/\/unprojetpourbrive.fr\/index.php\/wp-json\/wp\/v2\/pages\/1489","targetHints":{"allow":["GET"]}}],"collection":[{"href":"https:\/\/unprojetpourbrive.fr\/index.php\/wp-json\/wp\/v2\/pages"}],"about":[{"href":"https:\/\/unprojetpourbrive.fr\/index.php\/wp-json\/wp\/v2\/types\/page"}],"author":[{"embeddable":true,"href":"https:\/\/unprojetpourbrive.fr\/index.php\/wp-json\/wp\/v2\/users\/1"}],"replies":[{"embeddable":true,"href":"https:\/\/unprojetpourbrive.fr\/index.php\/wp-json\/wp\/v2\/comments?post=1489"}],"version-history":[{"count":12,"href":"https:\/\/unprojetpourbrive.fr\/index.php\/wp-json\/wp\/v2\/pages\/1489\/revisions"}],"predecessor-version":[{"id":7572,"href":"https:\/\/unprojetpourbrive.fr\/index.php\/wp-json\/wp\/v2\/pages\/1489\/revisions\/7572"}],"wp:featuredmedia":[{"embeddable":true,"href":"https:\/\/unprojetpourbrive.fr\/index.php\/wp-json\/wp\/v2\/media\/7478"}],"wp:attachment":[{"href":"https:\/\/unprojetpourbrive.fr\/index.php\/wp-json\/wp\/v2\/media?parent=1489"}],"curies":[{"name":"wp","href":"https:\/\/api.w.org\/{rel}","templated":true}]}}