{"id":7633,"date":"2026-02-04T17:16:25","date_gmt":"2026-02-04T16:16:25","guid":{"rendered":"https:\/\/unprojetpourbrive.fr\/?page_id=7633"},"modified":"2026-02-06T10:18:21","modified_gmt":"2026-02-06T09:18:21","slug":"bilan-2020-2026-frederic-soulier","status":"publish","type":"page","link":"https:\/\/unprojetpourbrive.fr\/index.php\/bilan-2020-2026-frederic-soulier\/","title":{"rendered":"Le bilan 2020 &#8211; 2026"},"content":{"rendered":"<div class=\"wpb-content-wrapper\"><p>[vc_row full_width=\u00a0\u00bbstretch_row\u00a0\u00bb bg_type=\u00a0\u00bbimage\u00a0\u00bb parallax_style=\u00a0\u00bbvcpb-default\u00a0\u00bb bg_image_new=\u00a0\u00bbid^7737|url^http:\/\/unprojetpourbrive.fr\/wp-content\/uploads\/2026\/02\/brive-ville-verte.jpg|caption^null|alt^Brive est une ville verte o\u00f9 il fait bon vivre|title^Brive La Gaillarde &#8211; Pedestrian walk and cycle path|description^null\u00a0\u00bb bg_image_repeat=\u00a0\u00bbno-repeat\u00a0\u00bb enable_overlay=\u00a0\u00bbenable_overlay_value\u00a0\u00bb overlay_color=\u00a0\u00bb#022E5A73&Prime; overlay_pattern=\u00a0\u00bb01.png\u00a0\u00bb css=\u00a0\u00bb.vc_custom_1770368024101{margin-top: -90px !important;padding-top: 200px !important;padding-bottom: 200px !important;}\u00a0\u00bb][vc_column][vc_custom_heading text=\u00a0\u00bbBilan 2020-2026&Prime; font_container=\u00a0\u00bbtag:h1|font_size:50|text_align:center|color:%23FFFFFF\u00a0\u00bb use_theme_fonts=\u00a0\u00bbyes\u00a0\u00bb css=\u00a0\u00bb\u00a0\u00bb][\/vc_column][\/vc_row][vc_row css=\u00a0\u00bb.vc_custom_1770212873208{padding-top: 75px !important;}\u00a0\u00bb][vc_column][vc_column_text css=\u00a0\u00bb\u00a0\u00bb]<\/p>\n<h2 style=\"text-align: center;\"><span style=\"color: #bd8e38;\">Les chiffres cl\u00e9s du bilan municipal \u00e0 Brive (2020-2026)<\/span><\/h2>\n<p>[\/vc_column_text][vc_column_text css=\u00a0\u00bb\u00a0\u00bb]<\/p>\n<p style=\"text-align: center;\">En r\u00e9sum\u00e9, le mandat 2020-2026 \u00e0 Brive-la-Gaillarde, c\u2019est :<\/p>\n<p>[\/vc_column_text][vc_empty_space height=\u00a0\u00bb30&Prime;][\/vc_column][\/vc_row][vc_row css=\u00a0\u00bb.vc_custom_1770214405951{padding-top: 20px !important;}\u00a0\u00bb][vc_column width=\u00a0\u00bb1\/4&Prime; css=\u00a0\u00bb.vc_custom_1770213786444{padding-top: 20px !important;}\u00a0\u00bb][vc_custom_heading text=\u00a0\u00bbFiscalit\u00e9\u00a0\u00bb font_container=\u00a0\u00bbtag:p|font_size:20|text_align:center|color:%23BD8E38&Prime; use_theme_fonts=\u00a0\u00bbyes\u00a0\u00bb css=\u00a0\u00bb\u00a0\u00bb][vc_custom_heading text=\u00a0\u00bb0%\u00a0\u00bb font_container=\u00a0\u00bbtag:p|font_size:35|text_align:center|color:%23BD8E38&Prime; use_theme_fonts=\u00a0\u00bbyes\u00a0\u00bb css=\u00a0\u00bb\u00a0\u00bb][vc_column_text css=\u00a0\u00bb\u00a0\u00bb]<\/p>\n<p style=\"text-align: center;\"><span style=\"font-weight: 400;\">0 % de hausse des taux communaux <strong>depuis 11 ans<\/strong><\/span><\/p>\n<p>[\/vc_column_text][\/vc_column][vc_column width=\u00a0\u00bb1\/4&Prime; css=\u00a0\u00bb.vc_custom_1770213792734{padding-top: 20px !important;}\u00a0\u00bb][vc_custom_heading text=\u00a0\u00bbPouvoir d\u2019achat\u00a0\u00bb font_container=\u00a0\u00bbtag:p|font_size:20|text_align:center|color:%23BD8E38&Prime; use_theme_fonts=\u00a0\u00bbyes\u00a0\u00bb css=\u00a0\u00bb\u00a0\u00bb][vc_custom_heading text=\u00a0\u00bb271 \u20ac\u00a0\u00bb font_container=\u00a0\u00bbtag:p|font_size:35|text_align:center|color:%23BD8E38&Prime; use_theme_fonts=\u00a0\u00bbyes\u00a0\u00bb css=\u00a0\u00bb\u00a0\u00bb][vc_column_text css=\u00a0\u00bb\u00a0\u00bb]<\/p>\n<p style=\"text-align: center;\"><span style=\"font-weight: 400;\">\u20132,05 points de taxe fonci\u00e8re, soit <\/span><strong>271 \u20ac d\u2019\u00e9conomie moyenne par foyer<\/strong><\/p>\n<p>[\/vc_column_text][\/vc_column][vc_column width=\u00a0\u00bb1\/4&Prime; css=\u00a0\u00bb.vc_custom_1770214410628{padding-top: 20px !important;}\u00a0\u00bb][vc_custom_heading text=\u00a0\u00bbS\u00e9curit\u00e9\u00a0\u00bb font_container=\u00a0\u00bbtag:p|font_size:20|text_align:center|color:%23BD8E38&Prime; use_theme_fonts=\u00a0\u00bbyes\u00a0\u00bb css=\u00a0\u00bb\u00a0\u00bb][vc_custom_heading text=\u00a0\u00bb50&Prime; font_container=\u00a0\u00bbtag:p|font_size:35|text_align:center|color:%23BD8E38&Prime; use_theme_fonts=\u00a0\u00bbyes\u00a0\u00bb css=\u00a0\u00bb\u00a0\u00bb][vc_column_text css=\u00a0\u00bb\u00a0\u00bb]<\/p>\n<p style=\"text-align: center;\"><span style=\"font-weight: 400;\">50 policiers municipaux en 2026 <strong>(+ 15 par rapport \u00e0 2020)<\/strong><\/span><\/p>\n<p>[\/vc_column_text][\/vc_column][vc_column width=\u00a0\u00bb1\/4&Prime; css=\u00a0\u00bb.vc_custom_1770213804105{padding-top: 20px !important;}\u00a0\u00bb][vc_custom_heading text=\u00a0\u00bbVoirie\u00a0\u00bb font_container=\u00a0\u00bbtag:p|font_size:20|text_align:center|color:%23BD8E38&Prime; use_theme_fonts=\u00a0\u00bbyes\u00a0\u00bb css=\u00a0\u00bb\u00a0\u00bb][vc_custom_heading text=\u00a0\u00bb148 km\u00a0\u00bb font_container=\u00a0\u00bbtag:p|font_size:35|text_align:center|color:%23BD8E38&Prime; use_theme_fonts=\u00a0\u00bbyes\u00a0\u00bb css=\u00a0\u00bb\u00a0\u00bb][vc_column_text css=\u00a0\u00bb\u00a0\u00bb]<\/p>\n<p style=\"text-align: center;\"><span style=\"font-weight: 400;\">148 km de <strong>chauss\u00e9es<\/strong> et <strong>trottoirs<\/strong> r\u00e9nov\u00e9s<\/span><\/p>\n<p>[\/vc_column_text][\/vc_column][\/vc_row][vc_row][vc_column][vc_empty_space height=\u00a0\u00bb30&Prime;][vc_column_text css=\u00a0\u00bb\u00a0\u00bb]<\/p>\n<p style=\"font-size: 20px; text-align: center; line-height: 1.4;\"><span style=\"color: #022e5a;\"><strong>mais \u00e9galement<\/strong><\/span><\/p>\n<p>[\/vc_column_text][vc_empty_space height=\u00a0\u00bb30&Prime;][\/vc_column][\/vc_row][vc_row][vc_column width=\u00a0\u00bb1\/4&Prime; css=\u00a0\u00bb.vc_custom_1770214399998{padding-top: 20px !important;}\u00a0\u00bb][vc_custom_heading text=\u00a0\u00bbSant\u00e9\u00a0\u00bb font_container=\u00a0\u00bbtag:p|font_size:20|text_align:center|color:%23BD8E38&Prime; use_theme_fonts=\u00a0\u00bbyes\u00a0\u00bb css=\u00a0\u00bb\u00a0\u00bb][vc_custom_heading text=\u00a0\u00bb+16&Prime; font_container=\u00a0\u00bbtag:p|font_size:35|text_align:center|color:%23BD8E38&Prime; use_theme_fonts=\u00a0\u00bbyes\u00a0\u00bb css=\u00a0\u00bb\u00a0\u00bb][vc_column_text css=\u00a0\u00bb\u00a0\u00bb]<\/p>\n<p style=\"text-align: center;\"><span style=\"font-weight: 400;\">+16 <strong>m\u00e9decins g\u00e9n\u00e9ralistes<\/strong> install\u00e9s sur le territoire<\/span><\/p>\n<p>[\/vc_column_text][\/vc_column][vc_column width=\u00a0\u00bb1\/4&Prime; css=\u00a0\u00bb.vc_custom_1770214392499{padding-top: 20px !important;}\u00a0\u00bb][vc_custom_heading text=\u00a0\u00bbSant\u00e9\u00a0\u00bb font_container=\u00a0\u00bbtag:p|font_size:20|text_align:center|color:%23BD8E38&Prime; use_theme_fonts=\u00a0\u00bbyes\u00a0\u00bb css=\u00a0\u00bb\u00a0\u00bb][vc_custom_heading text=\u00a0\u00bb+3&Prime; font_container=\u00a0\u00bbtag:p|font_size:35|text_align:center|color:%23BD8E38&Prime; use_theme_fonts=\u00a0\u00bbyes\u00a0\u00bb css=\u00a0\u00bb\u00a0\u00bb][vc_column_text css=\u00a0\u00bb\u00a0\u00bb]<\/p>\n<p style=\"text-align: center;\"><span style=\"font-weight: 400;\">+3 <strong>dentistes<\/strong> install\u00e9s sur le territoire<\/span><\/p>\n<p>[\/vc_column_text][\/vc_column][vc_column width=\u00a0\u00bb1\/4&Prime; css=\u00a0\u00bb.vc_custom_1770224538362{padding-top: 20px !important;}\u00a0\u00bb][vc_custom_heading text=\u00a0\u00bb\u00c9cologie\u00a0\u00bb font_container=\u00a0\u00bbtag:p|font_size:20|text_align:center|color:%23BD8E38&Prime; use_theme_fonts=\u00a0\u00bbyes\u00a0\u00bb css=\u00a0\u00bb\u00a0\u00bb][vc_custom_heading text=\u00a0\u00bb25 km\u00a0\u00bb font_container=\u00a0\u00bbtag:p|font_size:35|text_align:center|color:%23BD8E38&Prime; use_theme_fonts=\u00a0\u00bbyes\u00a0\u00bb css=\u00a0\u00bb\u00a0\u00bb][vc_column_text css=\u00a0\u00bb\u00a0\u00bb]<\/p>\n<p style=\"text-align: center;\"><span style=\"font-weight: 400;\">\u00a025 km de r\u00e9seau de <strong>chaleur urbain<\/strong><\/span><\/p>\n<p>[\/vc_column_text][\/vc_column][vc_column width=\u00a0\u00bb1\/4&Prime; css=\u00a0\u00bb.vc_custom_1770224545931{padding-top: 20px !important;}\u00a0\u00bb][vc_custom_heading text=\u00a0\u00bbProximit\u00e9\u00a0\u00bb font_container=\u00a0\u00bbtag:p|font_size:20|text_align:center|color:%23BD8E38&Prime; use_theme_fonts=\u00a0\u00bbyes\u00a0\u00bb css=\u00a0\u00bb\u00a0\u00bb][vc_custom_heading text=\u00a0\u00bb12,75 M\u20ac\u00a0\u00bb font_container=\u00a0\u00bbtag:p|font_size:35|text_align:center|color:%23BD8E38&Prime; use_theme_fonts=\u00a0\u00bbyes\u00a0\u00bb css=\u00a0\u00bb\u00a0\u00bb][vc_column_text css=\u00a0\u00bb\u00a0\u00bb]<\/p>\n<p style=\"text-align: center;\"><span style=\"font-weight: 400;\">12,75 M\u20ac investis directement via <strong>les conseils de quartier<\/strong><\/span><\/p>\n<p>[\/vc_column_text][\/vc_column][\/vc_row][vc_row css=\u00a0\u00bb.vc_custom_1770216216811{padding-top: 75px !important;padding-bottom: 75px !important;}\u00a0\u00bb][vc_column][vc_empty_space height=\u00a0\u00bb30&Prime;][vc_column_text css=\u00a0\u00bb\u00a0\u00bb]<\/p>\n<h2 style=\"text-align: center;\">Les r\u00e9alisations pour Brive en un coup d&rsquo;oeil<\/h2>\n<p>[\/vc_column_text][vc_empty_space height=\u00a0\u00bb30&Prime;][vc_single_image image=\u00a0\u00bb7665&Prime; img_size=\u00a0\u00bbfull\u00a0\u00bb add_caption=\u00a0\u00bbyes\u00a0\u00bb alignment=\u00a0\u00bbcenter\u00a0\u00bb onclick=\u00a0\u00bblink_image\u00a0\u00bb css=\u00a0\u00bb\u00a0\u00bb][\/vc_column][\/vc_row][vc_row full_width=\u00a0\u00bbstretch_row\u00a0\u00bb bg_type=\u00a0\u00bbbg_color\u00a0\u00bb css=\u00a0\u00bb.vc_custom_1770369480828{padding-top: 75px !important;padding-bottom: 75px !important;}\u00a0\u00bb bg_color_value=\u00a0\u00bb#BD8E38&Prime;][vc_column][vc_column_text css=\u00a0\u00bb\u00a0\u00bb]<\/p>\n<h2 style=\"text-align: center;\"><span style=\"color: #ffffff;\">D\u00e9couvrez le bilan complet<\/span><\/h2>\n<p>[\/vc_column_text][vc_empty_space height=\u00a0\u00bb30&Prime;][vc_btn title=\u00a0\u00bbT\u00e9l\u00e9charger le document\u00a0\u00bb style=\u00a0\u00bbflat\u00a0\u00bb color=\u00a0\u00bbwhite\u00a0\u00bb align=\u00a0\u00bbcenter\u00a0\u00bb css=\u00a0\u00bb\u00a0\u00bb link=\u00a0\u00bburl:http%3A%2F%2Funprojetpourbrive.fr%2Fwp-content%2Fuploads%2F2026%2F02%2FTexte-Imposition.pdf|target:_blank\u00a0\u00bb][\/vc_column][\/vc_row][vc_row full_width=\u00a0\u00bbstretch_row\u00a0\u00bb bg_type=\u00a0\u00bbbg_color\u00a0\u00bb css=\u00a0\u00bb.vc_custom_1770225862187{padding-top: 75px !important;padding-bottom: 75px !important;}\u00a0\u00bb bg_color_value=\u00a0\u00bb#022E5D\u00a0\u00bb][vc_column][vc_column_text css=\u00a0\u00bb\u00a0\u00bb]<\/p>\n<h2 style=\"text-align: center;\"><span style=\"color: #bd8e38;\">Le bilan : Qu&rsquo;en pensent les brivistes ?<\/span><\/h2>\n<p>[\/vc_column_text][vc_column_text css=\u00a0\u00bb\u00a0\u00bb]<\/p>\n<p style=\"text-align: center;\"><span style=\"color: #ffffff;\">Propos repris dans les m\u00e9dias locaux lors de l&rsquo;accueil des nouveaux arrivants<\/span><\/p>\n<p>[\/vc_column_text][vc_empty_space height=\u00a0\u00bb30&Prime;][vc_empty_space height=\u00a0\u00bb30&Prime;][\/vc_column][vc_column width=\u00a0\u00bb1\/3&Prime; css=\u00a0\u00bb.vc_custom_1770227409484{padding-top: 20px !important;}\u00a0\u00bb]<div id=\"ultimate-heading-355669fdba8a1eb06\" class=\"uvc-heading ult-adjust-bottom-margin ultimate-heading-355669fdba8a1eb06 uvc-6470 \" data-hspacer=\"no_spacer\"  data-halign=\"center\" style=\"text-align:center\"><div class=\"uvc-heading-spacer no_spacer\" style=\"top\"><\/div><div class=\"uvc-main-heading ult-responsive\"  data-ultimate-target='.uvc-heading.ultimate-heading-355669fdba8a1eb06 p'  data-responsive-json-new='{\"font-size\":\"desktop:18px;\",\"line-height\":\"\"}' ><p style=\"font-family:&#039;Playwrite IS&#039;;font-weight:300;color:#FFFFFF;\">Le bien vivre tout simplement\u2026 Une vie plus douce\u2026 Brive est central\u2026 tout est \u00e0 port\u00e9e, \u00e7a nous incite plus \u00e0 profiter<\/p><\/div><\/div>[\/vc_column][vc_column width=\u00a0\u00bb1\/3&Prime; css=\u00a0\u00bb.vc_custom_1770227415824{padding-top: 20px !important;}\u00a0\u00bb]<div id=\"ultimate-heading-225769fdba8a1eb66\" class=\"uvc-heading ult-adjust-bottom-margin ultimate-heading-225769fdba8a1eb66 uvc-2838 \" data-hspacer=\"no_spacer\"  data-halign=\"center\" style=\"text-align:center\"><div class=\"uvc-heading-spacer no_spacer\" style=\"top\"><\/div><div class=\"uvc-main-heading ult-responsive\"  data-ultimate-target='.uvc-heading.ultimate-heading-225769fdba8a1eb66 p'  data-responsive-json-new='{\"font-size\":\"desktop:18px;\",\"line-height\":\"\"}' ><p style=\"font-family:&#039;Playwrite IS&#039;;font-weight:300;color:#FFFFFF;\">C'est une ville confortable avec de grands espaces, une population pas trop dense et un art de vivre qui nous correspond... On est vraiment tr\u00e8s bien ici.<\/p><\/div><\/div>[\/vc_column][vc_column width=\u00a0\u00bb1\/3&Prime; css=\u00a0\u00bb.vc_custom_1770227423134{padding-top: 20px !important;}\u00a0\u00bb]<div id=\"ultimate-heading-838269fdba8a1eba2\" class=\"uvc-heading ult-adjust-bottom-margin ultimate-heading-838269fdba8a1eba2 uvc-3985 \" data-hspacer=\"no_spacer\"  data-halign=\"center\" style=\"text-align:center\"><div class=\"uvc-heading-spacer no_spacer\" style=\"top\"><\/div><div class=\"uvc-main-heading ult-responsive\"  data-ultimate-target='.uvc-heading.ultimate-heading-838269fdba8a1eba2 p'  data-responsive-json-new='{\"font-size\":\"desktop:18px;\",\"line-height\":\"\"}' ><p style=\"font-family:&#039;Playwrite IS&#039;;font-weight:300;color:#FFFFFF;\">Une ville \u00e0 taille humaine, avec tous les avantages... mais sans les inconv\u00e9nients d'une grande m\u00e9tropole. Les trois march\u00e9s par semaine et la vie au grand air.<\/p><\/div><\/div>[\/vc_column][vc_column][\/vc_column][\/vc_row][vc_row equal_height=\u00a0\u00bbyes\u00a0\u00bb bg_type=\u00a0\u00bbgrad\u00a0\u00bb bg_override=\u00a0\u00bbfull\u00a0\u00bb css=\u00a0\u00bb.vc_custom_1770221835902{margin-bottom: -90px !important;padding-top: 75px !important;padding-bottom: 75px !important;}\u00a0\u00bb bg_grad=\u00a0\u00bbbackground: -webkit-gradient(linear, left top, left bottom, color-stop(0%, #022E5A), color-stop(70%, #001224));background: -moz-linear-gradient(top,#022E5A 0%,#001224 70%);background: -webkit-linear-gradient(top,#022E5A 0%,#001224 70%);background: -o-linear-gradient(top,#022E5A 0%,#001224 70%);background: -ms-linear-gradient(top,#022E5A 0%,#001224 70%);background: linear-gradient(top,#022E5A 0%,#001224 70%);\u00a0\u00bb][vc_column]<div id=\"ultimate-heading-888169fdba8a1ebd1\" class=\"uvc-heading ult-adjust-bottom-margin ultimate-heading-888169fdba8a1ebd1 uvc-7410 \" data-hspacer=\"no_spacer\"  data-halign=\"center\" style=\"text-align:center\"><div class=\"uvc-heading-spacer no_spacer\" style=\"top\"><\/div><div class=\"uvc-main-heading ult-responsive\"  data-ultimate-target='.uvc-heading.ultimate-heading-888169fdba8a1ebd1 h2'  data-responsive-json-new='{\"font-size\":\"desktop:40px;\",\"line-height\":\"desktop:60px;\"}' ><h2 style=\"--font-weight:theme;color:#BD8E38;margin-bottom:20px;\">Suivez Fr\u00e9d\u00e9ric Soulier sur les r\u00e9seaux sociaux<\/h2><\/div><\/div><style type=\"text\/css\" data-type=\"the7_shortcodes-inline-css\">.dt-shortcode-soc-icons.soc-icons-6d3d70cdad80c3022dac88b2b035272f a {\n  margin-right: 4px;\n}\n.dt-shortcode-soc-icons a.soc-icons-6d3d70cdad80c3022dac88b2b035272f {\n  margin-right: 4px;\n}\n.dt-shortcode-soc-icons a.soc-icons-6d3d70cdad80c3022dac88b2b035272f:last-child {\n  margin-right: 0;\n}\n.dt-shortcode-soc-icons a.soc-icons-6d3d70cdad80c3022dac88b2b035272f:before,\n.dt-shortcode-soc-icons a.soc-icons-6d3d70cdad80c3022dac88b2b035272f:after {\n  padding: inherit;\n}\n.dt-shortcode-soc-icons a.soc-icons-6d3d70cdad80c3022dac88b2b035272f.dt-icon-border-on:before {\n  border:  solid ;\n}\n.dt-shortcode-soc-icons a.soc-icons-6d3d70cdad80c3022dac88b2b035272f.dt-icon-hover-border-on:after {\n  border:  solid ;\n}\n<\/style><div class=\"dt-shortcode-soc-icons  soc-icons-6d3d70cdad80c3022dac88b2b035272f soc-icons-center \" ><style type=\"text\/css\" data-type=\"the7_shortcodes-inline-css\">.dt-shortcode-soc-icons a.single-soc-icon-b1594a4efa4da91e717f722c1279e7a5 {\n  min-width: 80px;\n  min-height: 80px;\n  font-size: 40px;\n  border-radius: 100px;\n}\n.dt-shortcode-soc-icons a.single-soc-icon-b1594a4efa4da91e717f722c1279e7a5:last-child {\n  margin-right: 0;\n}\n.dt-shortcode-soc-icons a.single-soc-icon-b1594a4efa4da91e717f722c1279e7a5:before,\n.dt-shortcode-soc-icons a.single-soc-icon-b1594a4efa4da91e717f722c1279e7a5:after {\n  min-width: 80px;\n  min-height: 80px;\n  padding: inherit;\n}\n.dt-shortcode-soc-icons a.single-soc-icon-b1594a4efa4da91e717f722c1279e7a5.dt-icon-border-on:before {\n  border: 3px solid #FFFFFF;\n}\n.dt-shortcode-soc-icons a.single-soc-icon-b1594a4efa4da91e717f722c1279e7a5.dt-icon-hover-border-on:after {\n  border: 3px solid #BD8E38;\n}\n.dt-shortcode-soc-icons a.single-soc-icon-b1594a4efa4da91e717f722c1279e7a5:hover {\n  font-size: 40px;\n}\n#page .dt-shortcode-soc-icons a.single-soc-icon-b1594a4efa4da91e717f722c1279e7a5:hover .soc-font-icon,\n#phantom .dt-shortcode-soc-icons a.single-soc-icon-b1594a4efa4da91e717f722c1279e7a5:hover .soc-font-icon,\n#page .dt-shortcode-soc-icons a.single-soc-icon-b1594a4efa4da91e717f722c1279e7a5:hover .soc-icon,\n#phantom .dt-shortcode-soc-icons a.single-soc-icon-b1594a4efa4da91e717f722c1279e7a5:hover .soc-icon {\n  color: rgba(255,255,255,0.75);\n  background: none;\n}\n#page .dt-shortcode-soc-icons a.single-soc-icon-b1594a4efa4da91e717f722c1279e7a5:not(:hover) .soc-font-icon,\n#phantom .dt-shortcode-soc-icons a.single-soc-icon-b1594a4efa4da91e717f722c1279e7a5:not(:hover) .soc-font-icon,\n#page .dt-shortcode-soc-icons a.single-soc-icon-b1594a4efa4da91e717f722c1279e7a5:not(:hover) .soc-icon,\n#phantom .dt-shortcode-soc-icons a.single-soc-icon-b1594a4efa4da91e717f722c1279e7a5:not(:hover) .soc-icon {\n  color: #ffffff;\n  background: none;\n}\n.dt-shortcode-soc-icons a.single-soc-icon-b1594a4efa4da91e717f722c1279e7a5 .soc-font-icon,\n.dt-shortcode-soc-icons a.single-soc-icon-b1594a4efa4da91e717f722c1279e7a5 .soc-icon {\n  font-size: 40px;\n}\n<\/style><a title=\"Facebook\" href=\"https:\/\/www.facebook.com\/SoulierFrederic?locale=fr_FR\" target=\"_blank\" class=\"facebook single-soc-icon-b1594a4efa4da91e717f722c1279e7a5 dt-icon-bg-off dt-icon-border-on dt-icon-hover-border-on dt-icon-hover-bg-off vc_custom_1770221908430\"><i class=\"soc-icon soc-font-icon dt-icon-facebook\"><\/i><span class=\"screen-reader-text\">Facebook<\/span><\/a><style type=\"text\/css\" data-type=\"the7_shortcodes-inline-css\">.dt-shortcode-soc-icons a.single-soc-icon-0319b5259ebe3b6fd382911281bdeed9 {\n  min-width: 80px;\n  min-height: 80px;\n  font-size: 40px;\n  border-radius: 100px;\n}\n.dt-shortcode-soc-icons a.single-soc-icon-0319b5259ebe3b6fd382911281bdeed9:last-child {\n  margin-right: 0;\n}\n.dt-shortcode-soc-icons a.single-soc-icon-0319b5259ebe3b6fd382911281bdeed9:before,\n.dt-shortcode-soc-icons a.single-soc-icon-0319b5259ebe3b6fd382911281bdeed9:after {\n  min-width: 80px;\n  min-height: 80px;\n  padding: inherit;\n}\n.dt-shortcode-soc-icons a.single-soc-icon-0319b5259ebe3b6fd382911281bdeed9.dt-icon-border-on:before {\n  border: 3px solid #FFFFFF;\n}\n.dt-shortcode-soc-icons a.single-soc-icon-0319b5259ebe3b6fd382911281bdeed9.dt-icon-hover-border-on:after {\n  border: 3px solid #BD8E38;\n}\n.dt-shortcode-soc-icons a.single-soc-icon-0319b5259ebe3b6fd382911281bdeed9:hover {\n  font-size: 40px;\n}\n#page .dt-shortcode-soc-icons a.single-soc-icon-0319b5259ebe3b6fd382911281bdeed9:hover .soc-font-icon,\n#phantom .dt-shortcode-soc-icons a.single-soc-icon-0319b5259ebe3b6fd382911281bdeed9:hover .soc-font-icon,\n#page .dt-shortcode-soc-icons a.single-soc-icon-0319b5259ebe3b6fd382911281bdeed9:hover .soc-icon,\n#phantom .dt-shortcode-soc-icons a.single-soc-icon-0319b5259ebe3b6fd382911281bdeed9:hover .soc-icon {\n  color: rgba(255,255,255,0.75);\n  background: none;\n}\n#page .dt-shortcode-soc-icons a.single-soc-icon-0319b5259ebe3b6fd382911281bdeed9:not(:hover) .soc-font-icon,\n#phantom .dt-shortcode-soc-icons a.single-soc-icon-0319b5259ebe3b6fd382911281bdeed9:not(:hover) .soc-font-icon,\n#page .dt-shortcode-soc-icons a.single-soc-icon-0319b5259ebe3b6fd382911281bdeed9:not(:hover) .soc-icon,\n#phantom .dt-shortcode-soc-icons a.single-soc-icon-0319b5259ebe3b6fd382911281bdeed9:not(:hover) .soc-icon {\n  color: #ffffff;\n  background: none;\n}\n.dt-shortcode-soc-icons a.single-soc-icon-0319b5259ebe3b6fd382911281bdeed9 .soc-font-icon,\n.dt-shortcode-soc-icons a.single-soc-icon-0319b5259ebe3b6fd382911281bdeed9 .soc-icon {\n  font-size: 40px;\n}\n<\/style><a title=\"Instagram\" href=\"https:\/\/www.instagram.com\/fredericsoulier2026\/\" target=\"_blank\" class=\"instagram single-soc-icon-0319b5259ebe3b6fd382911281bdeed9 dt-icon-bg-off dt-icon-border-on dt-icon-hover-border-on dt-icon-hover-bg-off vc_custom_1770221916650\"><i class=\"soc-icon soc-font-icon dt-icon-instagram\"><\/i><span class=\"screen-reader-text\">Instagram<\/span><\/a><\/div>[\/vc_column][\/vc_row]<\/p>\n<\/div>","protected":false},"excerpt":{"rendered":"<p>[vc_row full_width=\u00a0\u00bbstretch_row\u00a0\u00bb bg_type=\u00a0\u00bbimage\u00a0\u00bb parallax_style=\u00a0\u00bbvcpb-default\u00a0\u00bb bg_image_new=\u00a0\u00bbid^7737|url^http:\/\/unprojetpourbrive.fr\/wp-content\/uploads\/2026\/02\/brive-ville-verte.jpg|caption^null|alt^Brive est une ville verte o\u00f9 il fait bon vivre|title^Brive La Gaillarde &#8211; Pedestrian walk and cycle path|description^null\u00a0\u00bb bg_image_repeat=\u00a0\u00bbno-repeat\u00a0\u00bb enable_overlay=\u00a0\u00bbenable_overlay_value\u00a0\u00bb overlay_color=\u00a0\u00bb#022E5A73&Prime; overlay_pattern=\u00a0\u00bb01.png\u00a0\u00bb css=\u00a0\u00bb.vc_custom_1770368024101{margin-top: -90px !important;padding-top: 200px&hellip;<\/p>\n","protected":false},"author":1,"featured_media":0,"parent":0,"menu_order":0,"comment_status":"closed","ping_status":"closed","template":"","meta":{"iawp_total_views":687,"footnotes":""},"class_list":["post-7633","page","type-page","status-publish","hentry","description-off"],"_links":{"self":[{"href":"https:\/\/unprojetpourbrive.fr\/index.php\/wp-json\/wp\/v2\/pages\/7633","targetHints":{"allow":["GET"]}}],"collection":[{"href":"https:\/\/unprojetpourbrive.fr\/index.php\/wp-json\/wp\/v2\/pages"}],"about":[{"href":"https:\/\/unprojetpourbrive.fr\/index.php\/wp-json\/wp\/v2\/types\/page"}],"author":[{"embeddable":true,"href":"https:\/\/unprojetpourbrive.fr\/index.php\/wp-json\/wp\/v2\/users\/1"}],"replies":[{"embeddable":true,"href":"https:\/\/unprojetpourbrive.fr\/index.php\/wp-json\/wp\/v2\/comments?post=7633"}],"version-history":[{"count":99,"href":"https:\/\/unprojetpourbrive.fr\/index.php\/wp-json\/wp\/v2\/pages\/7633\/revisions"}],"predecessor-version":[{"id":7749,"href":"https:\/\/unprojetpourbrive.fr\/index.php\/wp-json\/wp\/v2\/pages\/7633\/revisions\/7749"}],"wp:attachment":[{"href":"https:\/\/unprojetpourbrive.fr\/index.php\/wp-json\/wp\/v2\/media?parent=7633"}],"curies":[{"name":"wp","href":"https:\/\/api.w.org\/{rel}","templated":true}]}}